{"id":29,"date":"2024-01-31T14:42:51","date_gmt":"2024-01-31T14:42:51","guid":{"rendered":"https:\/\/fischerjugend-voehringen.de\/?page_id=29"},"modified":"2024-01-31T15:03:01","modified_gmt":"2024-01-31T15:03:01","slug":"fischen","status":"publish","type":"page","link":"https:\/\/fischerjugend-voehringen.de\/?page_id=29","title":{"rendered":"Fischen"},"content":{"rendered":"\n<p>Die Jugendgruppe der Fischereigemeinschaft V\u00f6hringen e.V. veranstaltet&nbsp;verschiedene Gemeinschaftsfischen innerhalb&nbsp;des Jahres. Die Jugendlichen&nbsp;k\u00f6nnen hier selbstst\u00e4ndig das Fischen in der Praxis erlernen.<\/p>\n\n\n\n<p>Die Fischen finden an allen Vereinsgew\u00e4ssern der Fischereigemeinschaft V\u00f6hringen e.V. statt. Die Jugendlichen entscheiden selbst auf welche Art und Weise sie angeln m\u00f6chten oder werden von den Betreuern entsprechend unterst\u00fctzt. Selbst gefangene Fische d\u00fcrfen selbstverst\u00e4ndlich behalten werden und geh\u00f6ren dem F\u00e4nger. Gemeinsam&nbsp;wird der Fang am&nbsp;Gew\u00e4sser&nbsp;entsprechend verwertet und der Umgang damit den Jugendlichen erkl\u00e4rt.<\/p>\n\n\n","protected":false},"excerpt":{"rendered":"<p>Die Jugendgruppe der Fischereigemeinschaft V\u00f6hringen e.V. veranstaltet&nbsp;verschiedene Gemeinschaftsfischen innerhalb&nbsp;des Jahres. Die Jugendlichen&nbsp;k\u00f6nnen hier selbstst\u00e4ndig das Fischen in der Praxis erlernen. Die Fischen finden an allen Vereinsgew\u00e4ssern der Fischereigemeinschaft V\u00f6hringen e.V. statt. Die Jugendlichen entscheiden selbst auf welche Art und Weise&hellip; <\/p>\n","protected":false},"author":1,"featured_media":0,"parent":0,"menu_order":0,"comment_status":"closed","ping_status":"closed","template":"","meta":{"footnotes":""},"class_list":["post-29","page","type-page","status-publish","hentry"],"_links":{"self":[{"href":"https:\/\/fischerjugend-voehringen.de\/index.php?rest_route=\/wp\/v2\/pages\/29","targetHints":{"allow":["GET"]}}],"collection":[{"href":"https:\/\/fischerjugend-voehringen.de\/index.php?rest_route=\/wp\/v2\/pages"}],"about":[{"href":"https:\/\/fischerjugend-voehringen.de\/index.php?rest_route=\/wp\/v2\/types\/page"}],"author":[{"embeddable":true,"href":"https:\/\/fischerjugend-voehringen.de\/index.php?rest_route=\/wp\/v2\/users\/1"}],"replies":[{"embeddable":true,"href":"https:\/\/fischerjugend-voehringen.de\/index.php?rest_route=%2Fwp%2Fv2%2Fcomments&post=29"}],"version-history":[{"count":1,"href":"https:\/\/fischerjugend-voehringen.de\/index.php?rest_route=\/wp\/v2\/pages\/29\/revisions"}],"predecessor-version":[{"id":30,"href":"https:\/\/fischerjugend-voehringen.de\/index.php?rest_route=\/wp\/v2\/pages\/29\/revisions\/30"}],"wp:attachment":[{"href":"https:\/\/fischerjugend-voehringen.de\/index.php?rest_route=%2Fwp%2Fv2%2Fmedia&parent=29"}],"curies":[{"name":"wp","href":"https:\/\/api.w.org\/{rel}","templated":true}]}}