{"id":24,"date":"2024-01-31T13:57:44","date_gmt":"2024-01-31T13:57:44","guid":{"rendered":"https:\/\/fischerjugend-voehringen.de\/?page_id=24"},"modified":"2024-01-31T15:04:43","modified_gmt":"2024-01-31T15:04:43","slug":"infos-und-haeufige-fragen","status":"publish","type":"page","link":"https:\/\/fischerjugend-voehringen.de\/?page_id=24","title":{"rendered":"Infos und h\u00e4ufige Fragen"},"content":{"rendered":"\n<p>Hier haben wir einige Informationen und h\u00e4ufige Fragen rund um die Jugendgruppe der Fischereigemeinschaft V\u00f6hringen e.V. f\u00fcr euch zusammengestellt. Solltet ihr noch weitere Fragen haben &#8211; kein Problem. Einfach auf <a href=\"https:\/\/fischerjugend-voehringen.de\/?page_id=22\" data-type=\"page\" data-id=\"22\">Kontakt<\/a> klicken und los schreiben.<\/p>\n\n\n\n<h3 class=\"wp-block-heading\">Wo d\u00fcrft ihr Fischen?<\/h3>\n\n\n\n<p>Die Jugendgruppe befischt die folgenden Gew\u00e4sser der Fischereigemeinschaft V\u00f6hringen e.V.:<\/p>\n\n\n\n<ul class=\"wp-block-list\">\n<li>Iller von Flusskilometer 13,0 bis 17,5<\/li>\n\n\n\n<li>Wielandkanal (Werkkanal)&nbsp;<\/li>\n\n\n\n<li>M\u00fchlbach (Altenst\u00e4dter Kanal) in den Flurgrenzen der Stadt V\u00f6hringen<\/li>\n\n\n\n<li>V\u00f6hringer See (Kellerbau)<\/li>\n\n\n\n<li>Waldbaggersee S\u00fcd<\/li>\n\n\n\n<li>Gr\u00fcne Lunge (Kiesweiher Illerstrasse)<\/li>\n\n\n\n<li>Jehle Weiher (Birkachsee)<\/li>\n<\/ul>\n\n\n\n<p>Das befischen der Gew\u00e4sser ist&nbsp;nur im Rahmen des Jugendfischens mit der Jugendleitung erlaubt.<\/p>\n\n\n\n<h3 class=\"wp-block-heading\">Ich bin mir noch nicht sicher ob Fischen das richtige f\u00fcr mich ist&#8230;.<\/h3>\n\n\n\n<p>Kein Thema, das muss einem liegen. Um das&nbsp;rauszufinden gibt&#8217;s nur eins:<\/p>\n\n\n\n<p>Probiers einfach aus!<\/p>\n\n\n\n<p>Wir laden dich ein, einfach mal zu einer unserer vielen Veranstaltungen vorbei zu kommen.&nbsp;Am besten nat\u00fcrlich direkt wenn wir am Wasser beim Angeln sind. Unter dem Punkt <a href=\"http:\/\/www.fischerjugend-voehringen.de\/events\/\">&#8222;Termine&#8220;<\/a>&nbsp;wei\u00dft du, wann wir wo auftauchen. Wir haben eigentlich immer eine Ausr\u00fcstung f\u00fcr dich dabei, mit der du einfach mal loslegen und mitfischen kannst.<\/p>\n\n\n\n<p>Du probierst aus ob dir das gef\u00e4llt und gehst vielleicht schon mit einem selbst gefangenen Fisch nach Hause. Wenn du das klasse findest &#8211; Herzlich Willkommen, du darfst dann gerne bei uns Mitglied werden. Wenn&#8217;s dir nicht gef\u00e4llt&#8230;.ach was, das wird nicht passieren! \ud83d\ude09<\/p>\n\n\n\n<h3 class=\"wp-block-heading\">Ich m\u00f6chte Fischen. Was brauche ich?<\/h3>\n\n\n\n<p>&nbsp;Als erstes&nbsp;solltest du mindestens zehn Jahre alt sein und einen Jugendfischereischein haben.<\/p>\n\n\n\n<p>Diesen Schein kannst du gegen eine kleine Geb\u00fchr jederzeit auf dem Rathaus oder der Gemeinde deines Wohnortes bekommen und gilt in Bayern bis du 18 Jahre alt bist.<\/p>\n\n\n\n<p>Dann wirst du bei uns Mitglied und schon kann&#8217;s los gehen!<\/p>\n\n\n\n<h3 class=\"wp-block-heading\">Kostet das was?<\/h3>\n\n\n\n<p>Jaaaaa&#8230;. wie alles andere auch k\u00f6nnen auch wir nicht kostenlos zum Angeln gehen. Gleich vorne weg: Es h\u00e4lt sich aber in Grenzen.<\/p>\n\n\n\n<p>Wenn du Mitglied bei uns bist kostet das 30,00 \u20ac Beitrag pro Jahr. Zus\u00e4tzlich f\u00fcrs Fischen an allen unsern Gew\u00e4ssern&nbsp;kommen noch&nbsp;25,00 \u20ac pro Jahr auf dich zu.<br>Hei\u00dft also: 55,00 \u20ac im Jahr &#8211; daf\u00fcr Fischen und und jede Menge Spass satt! &#8211; Und alles was du f\u00e4ngst ist nat\u00fcrlich automatisch deins!<\/p>\n\n\n\n<p>Einmalig beim Eintritt nehmen wir 25,00 \u20ac&nbsp;Aufnahmegeb\u00fchr &#8211; die f\u00e4llt daf\u00fcr aber nicht mehr an, wenn du sp\u00e4ter mal in den Erwachsenenverein gehst.<\/p>\n\n\n\n<h3 class=\"wp-block-heading\">Was bekomme ich geboten?<\/h3>\n\n\n\n<p>Eine ganze Menge!<\/p>\n\n\n\n<p>Fischen an unseren Gew\u00e4ssern macht gerade einmal ein drittel unserer Zeit&nbsp;aus die wir miteinander verbringen. Daneben treffen wir uns regelm\u00e4\u00dfig im Fischerheim zu verschiedenen Aktionen: Eigene K\u00f6der backen,&nbsp;Angelger\u00e4te herstellen oder tunen, Netze bauen, Messer schleifen,&#8230;.<\/p>\n\n\n\n<p>Wir gehen zelten! Ein Wochenende weg von zuhause fahren wir an einen See oder Fluss, schlagen unser Zelt auf, fischen, grillen und haben mega Spa\u00df!<\/p>\n\n\n\n<p>Wenns das nicht&nbsp;reicht: Dann gehen wir nochmal zelten! Wir reisen jedes Jahr zum &#8222;Tag der schw\u00e4bischen Fischerjugend&#8220; Irgend ein Verein in Schwaben spielt den Gastgeber und alle Vereine sind mit dabei. Schon mal ein Zeltlager mit 400 Leuten gesehen? Nein? Hier kannst du sogar teilnehmen. Ein Wochenende&nbsp;mit viel Action, Spa\u00df &#8211; und nat\u00fcrlich fischen!<\/p>\n\n\n\n<p>Ist aber immer noch nicht alles. Wir treffen und mit anderen Jugendgruppen&nbsp;aus der Umgebung&nbsp;und gehen mit denen&nbsp;fischen &#8211; oder ins Aquarium &#8211; oder in den Skyline Park &#8211; oder, oder, oder&#8230;..<\/p>\n\n\n\n<p>Reicht immer noch nicht? Kein Thema, wir haben noch mehr auf Lager:<br>&#8211; Verschiedene Workshops zu vielen Themen (Fliegenfischen, Flusskarpfenangeln, Lebensraum Wasser,&#8230;&nbsp;<br>&#8211; Spieletag in V\u00f6hringen<br>&#8211; Geochaching<br>&#8211; Besuch von Messen und Angelgesch\u00e4ften<br>&#8211; Kameradschaftsfischen<br>&#8211; Fischer machen Schule<br>&#8211; Brutboxenprojekt<br>&#8211; &#8230;<\/p>\n\n\n\n<p>Bestimmt haben wir irgendwas vergessen &#8211; aber du siehst: Es wird was geboten!<\/p>\n\n\n\n<h3 class=\"wp-block-heading\">Brauche ich eine eigen Angel?<\/h3>\n\n\n\n<p>Naja,&nbsp;ganz ohne wird es nicht gehen. Wie bei allen anderen Sport- und Freizeitbesch\u00e4ftigungen brauchst du auch bei uns ein bisschen Ausr\u00fcstung. Aber keine Sorge: Zu Beginn reicht eine einfache Angel mit Rolle und Schnur v\u00f6llig aus. Dazu ein&nbsp;paar Haken und Kleinteile und los gehts.<\/p>\n\n\n\n<p>Wir haben auch&nbsp;vereinseigene Ausr\u00fcstung &#8211;&nbsp;die darfst du am Anfang auch gerne nutzen.<\/p>\n\n\n\n<p>Die Ger\u00e4te selber m\u00fcssen nicht teuer sein&nbsp;und es muss auch nicht alles auf einmal beschafft werden!&nbsp;Oft bekommen wir auch Angebote von Angelkollegen die etwas&nbsp;zuviel&nbsp;haben und es der Jugend&nbsp;f\u00fcr kleines Geld geben oder sogar spenden.&nbsp;<\/p>\n\n\n\n<p>Wir fahren auch immer wieder gemeinsam zu Angelh\u00e4ndlern unseres Vertrauens und die kommen uns auch immer sehr entgegen. Au\u00dferdem gibt es auch viele Gelegenheiten seine Ausr\u00fcstung aufr\u00fcsten zu lassen: Geburtstag, Weihnachten, Ostern, gute Noten,&#8230;.<\/p>\n\n\n\n<p>Letztendlich&nbsp;tun wir alles daf\u00fcr dass nicht die Ausr\u00fcstung der Grund daf\u00fcr sein soll, dass du nicht zu uns zum fischen kommen kannst! \ud83d\ude09<\/p>\n\n\n\n<h3 class=\"wp-block-heading\">Ich habe einen Fisch gefangen &#8211; und jetzt?<\/h3>\n\n\n\n<p>Erst mal ein kr\u00e4ftiges: PETRI HEIL!<\/p>\n\n\n\n<p>Du hast den Fisch gefangen also geh\u00f6rt der Fisch auch dir! Du darfst in mit nach Hause nehmen und Essen!<\/p>\n\n\n\n<p>Gleich nach dem Fang verwerten wir&nbsp;mit dir gemeinsam den Fisch soweit, dass deine Eltern, Gro\u00dfeltern, du selbst oder&nbsp;wer auch immer&nbsp;ihn bequem kochen k\u00f6nnen.<\/p>\n\n\n\n<h3 class=\"wp-block-heading\">Meine Eltern k\u00f6nnen nicht kochen!<\/h3>\n\n\n\n<p>Na ganz so schlimm wird&#8217;s nicht sein, sonst w\u00e4rst wohl schon l\u00e4ngst&nbsp;verhungert&#8230; Nein, wir kennen das Problem. Fisch ist bei vielen immer so eine heikle Sache, wie macht man ihn richtig &#8211; und dann noch die Sache mit den Gr\u00e4ten&#8230;<\/p>\n\n\n\n<p>Keine Angst, wir lassen dich nicht im Regen stehen. Wenn deine Mutter oder Vater naser\u00fcmpfned deinen tollen Fangerfolg nicht zu w\u00fcrdigen wei\u00df, dann bieten wir an es ihnen zu zeigen. Wir laden immer mal wieder interessierte Eltern &#8211; und nat\u00fcrlich auch euch &#8211; zu einem kleinen &#8222;Fischkochkurs&#8220; ein.<\/p>\n\n\n\n<p>Wir zeigen wie der wirklich frische Fisch einfach, schnell und lecker zubereitet werden kann &#8211; zum nachmachen f\u00fcr zu Hause.<\/p>\n\n\n\n<p>Und wenn das immer noch nicht reicht: Friere deinen Fang ein. Im Herbst bringst ihn dann zu uns ins&nbsp;Fischerheim.&nbsp;Wir haben dort zwei R\u00e4ucherkammern in denen wir mit dir zusammen den Fischen r\u00e4uchern und du ihn wieder mitnehmen kannst &#8211; fertig zum Essen!&nbsp;Klasse, gell?!<\/p>\n\n\n\n<h3 class=\"wp-block-heading\">Wie l\u00e4uft so ein Veranstaltung den ab?<\/h3>\n\n\n\n<p>Ganz einfach:<br>Zum&nbsp;Fischen nimmst du den Termin und den Ort aus unserem Kalender. Schnapp deine Angelausr\u00fcstung, bring deinen&nbsp;Jugendfischereischein&nbsp;und Fangbuch mit und leg los. Es sind immer gen\u00fcgend Betreuer da die dir helfen und zeigen wie es geht.<\/p>\n\n\n\n<p>Bei allen anderen Veranstaltungen gilt: Wir laden dich immer pers\u00f6nlich dazu ein!<br>Du&nbsp;bekommst von uns eine Einladung &#8211; meistens per Mail. Da steht dann alles drin wie es weiter geht!<\/p>\n\n\n\n<p>Einfach, oder?<\/p>\n\n\n\n<h3 class=\"wp-block-heading\">Ich habe noch Fragen&#8230;.<\/h3>\n\n\n\n<p>Gut, dann immer her damit. Schicke uns einfach eine E-Mail oder nutze unser <a href=\"https:\/\/fischerjugend-voehringen.de\/?page_id=22\" data-type=\"page\" data-id=\"22\">Kontaktfomular<\/a>.<\/p>\n\n\n\n<p>Wir versuchen dir m\u00f6glichst schnell deine Frage zu beantworten!<\/p>\n","protected":false},"excerpt":{"rendered":"<p>Hier haben wir einige Informationen und h\u00e4ufige Fragen rund um die Jugendgruppe der Fischereigemeinschaft V\u00f6hringen e.V. f\u00fcr euch zusammengestellt. Solltet ihr noch weitere Fragen haben &#8211; kein Problem. Einfach auf Kontakt klicken und los schreiben. Wo d\u00fcrft ihr Fischen? Die&hellip; <\/p>\n","protected":false},"author":1,"featured_media":0,"parent":0,"menu_order":0,"comment_status":"closed","ping_status":"closed","template":"","meta":{"footnotes":""},"class_list":["post-24","page","type-page","status-publish","hentry"],"_links":{"self":[{"href":"https:\/\/fischerjugend-voehringen.de\/index.php?rest_route=\/wp\/v2\/pages\/24","targetHints":{"allow":["GET"]}}],"collection":[{"href":"https:\/\/fischerjugend-voehringen.de\/index.php?rest_route=\/wp\/v2\/pages"}],"about":[{"href":"https:\/\/fischerjugend-voehringen.de\/index.php?rest_route=\/wp\/v2\/types\/page"}],"author":[{"embeddable":true,"href":"https:\/\/fischerjugend-voehringen.de\/index.php?rest_route=\/wp\/v2\/users\/1"}],"replies":[{"embeddable":true,"href":"https:\/\/fischerjugend-voehringen.de\/index.php?rest_route=%2Fwp%2Fv2%2Fcomments&post=24"}],"version-history":[{"count":3,"href":"https:\/\/fischerjugend-voehringen.de\/index.php?rest_route=\/wp\/v2\/pages\/24\/revisions"}],"predecessor-version":[{"id":53,"href":"https:\/\/fischerjugend-voehringen.de\/index.php?rest_route=\/wp\/v2\/pages\/24\/revisions\/53"}],"wp:attachment":[{"href":"https:\/\/fischerjugend-voehringen.de\/index.php?rest_route=%2Fwp%2Fv2%2Fmedia&parent=24"}],"curies":[{"name":"wp","href":"https:\/\/api.w.org\/{rel}","templated":true}]}}