{"id":16,"date":"2024-01-31T13:50:10","date_gmt":"2024-01-31T13:50:10","guid":{"rendered":"https:\/\/fischerjugend-voehringen.de\/?page_id=16"},"modified":"2024-01-31T14:46:18","modified_gmt":"2024-01-31T14:46:18","slug":"theorie","status":"publish","type":"page","link":"https:\/\/fischerjugend-voehringen.de\/?page_id=16","title":{"rendered":"Theorie"},"content":{"rendered":"\n<p>Wir vermitteln unseren Jugendlichen alle&nbsp;theoretischen und praktischen Fertigkeiten die sie zum angeln ben\u00f6tigen. Dazu treffen wir uns in regelm\u00e4\u00dfigen Abst\u00e4nden, meist in unserem Fischerheim in V\u00f6hringen, zum \u00fcben und schulen.<\/p>\n\n\n\n<p>Das binden von richtigen Knoten ist dabei genau so wichtig wie&nbsp;bestimmen zu k\u00f6nnen welcher Fisch das ist, wie er lebt oder wie er zu Fangen ist. Wir zeigen unseren Jugendlichen den theoretischen Umgang mit den&nbsp;Ger\u00e4ten und erkl\u00e4ren alle&nbsp;Gesetze und rechtliche Sachen rund ums angeln.<\/p>\n\n\n\n<p>Das richtige\u00a0Auswerfen und zielen mit der Angel trainieren wir beim Casting. Dazu\u00a0treffen wir uns auf einer Wiese in Illerberg\/Thal, auf der wir viel Platz haben und die Jugendlichen ihre\u00a0Wurff\u00e4higkeiten \u00fcben k\u00f6nnen.<\/p>\n","protected":false},"excerpt":{"rendered":"<p>Wir vermitteln unseren Jugendlichen alle&nbsp;theoretischen und praktischen Fertigkeiten die sie zum angeln ben\u00f6tigen. Dazu treffen wir uns in regelm\u00e4\u00dfigen Abst\u00e4nden, meist in unserem Fischerheim in V\u00f6hringen, zum \u00fcben und schulen. Das binden von richtigen Knoten ist dabei genau so wichtig&hellip; <\/p>\n","protected":false},"author":1,"featured_media":0,"parent":0,"menu_order":0,"comment_status":"closed","ping_status":"closed","template":"","meta":{"footnotes":""},"class_list":["post-16","page","type-page","status-publish","hentry"],"_links":{"self":[{"href":"https:\/\/fischerjugend-voehringen.de\/index.php?rest_route=\/wp\/v2\/pages\/16","targetHints":{"allow":["GET"]}}],"collection":[{"href":"https:\/\/fischerjugend-voehringen.de\/index.php?rest_route=\/wp\/v2\/pages"}],"about":[{"href":"https:\/\/fischerjugend-voehringen.de\/index.php?rest_route=\/wp\/v2\/types\/page"}],"author":[{"embeddable":true,"href":"https:\/\/fischerjugend-voehringen.de\/index.php?rest_route=\/wp\/v2\/users\/1"}],"replies":[{"embeddable":true,"href":"https:\/\/fischerjugend-voehringen.de\/index.php?rest_route=%2Fwp%2Fv2%2Fcomments&post=16"}],"version-history":[{"count":2,"href":"https:\/\/fischerjugend-voehringen.de\/index.php?rest_route=\/wp\/v2\/pages\/16\/revisions"}],"predecessor-version":[{"id":35,"href":"https:\/\/fischerjugend-voehringen.de\/index.php?rest_route=\/wp\/v2\/pages\/16\/revisions\/35"}],"wp:attachment":[{"href":"https:\/\/fischerjugend-voehringen.de\/index.php?rest_route=%2Fwp%2Fv2%2Fmedia&parent=16"}],"curies":[{"name":"wp","href":"https:\/\/api.w.org\/{rel}","templated":true}]}}