{"id":14,"date":"2024-01-31T13:48:46","date_gmt":"2024-01-31T13:48:46","guid":{"rendered":"https:\/\/fischerjugend-voehringen.de\/?page_id=14"},"modified":"2024-01-31T13:48:46","modified_gmt":"2024-01-31T13:48:46","slug":"ueber-uns","status":"publish","type":"page","link":"https:\/\/fischerjugend-voehringen.de\/?page_id=14","title":{"rendered":"\u00dcber uns"},"content":{"rendered":"\n<p>Die Jugendgruppe der Fischereigemeinschaft V\u00f6hringen e.V. besteht aus M\u00e4dchen und Jungen im alter von 10 bis 18 Jahren.<\/p>\n\n\n\n<p>Neben dem Fischen, was nat\u00fcrlich eine unserer Hauptbesch\u00e4ftigung ist, haben wir noch eine Vielzahl an anderen Dingen die wir tun. Theorie der Fische ist f\u00fcr uns genauso ein Thema wie<br>das gemeinsame Zeltlager \u00fcbers Wochenende oder das treffen mit anderen Jugendgruppen im schw\u00e4bischen Raum.<\/p>\n\n\n\n<p>Hier finden sich einige Eindr\u00fccke unserer vielen Aktionen. Viel Spa\u00df!<\/p>\n","protected":false},"excerpt":{"rendered":"<p>Die Jugendgruppe der Fischereigemeinschaft V\u00f6hringen e.V. besteht aus M\u00e4dchen und Jungen im alter von 10 bis 18 Jahren. Neben dem Fischen, was nat\u00fcrlich eine unserer Hauptbesch\u00e4ftigung ist, haben wir noch eine Vielzahl an anderen Dingen die wir tun. Theorie der&hellip; <\/p>\n","protected":false},"author":1,"featured_media":0,"parent":0,"menu_order":0,"comment_status":"closed","ping_status":"closed","template":"","meta":{"footnotes":""},"class_list":["post-14","page","type-page","status-publish","hentry"],"_links":{"self":[{"href":"https:\/\/fischerjugend-voehringen.de\/index.php?rest_route=\/wp\/v2\/pages\/14","targetHints":{"allow":["GET"]}}],"collection":[{"href":"https:\/\/fischerjugend-voehringen.de\/index.php?rest_route=\/wp\/v2\/pages"}],"about":[{"href":"https:\/\/fischerjugend-voehringen.de\/index.php?rest_route=\/wp\/v2\/types\/page"}],"author":[{"embeddable":true,"href":"https:\/\/fischerjugend-voehringen.de\/index.php?rest_route=\/wp\/v2\/users\/1"}],"replies":[{"embeddable":true,"href":"https:\/\/fischerjugend-voehringen.de\/index.php?rest_route=%2Fwp%2Fv2%2Fcomments&post=14"}],"version-history":[{"count":1,"href":"https:\/\/fischerjugend-voehringen.de\/index.php?rest_route=\/wp\/v2\/pages\/14\/revisions"}],"predecessor-version":[{"id":15,"href":"https:\/\/fischerjugend-voehringen.de\/index.php?rest_route=\/wp\/v2\/pages\/14\/revisions\/15"}],"wp:attachment":[{"href":"https:\/\/fischerjugend-voehringen.de\/index.php?rest_route=%2Fwp%2Fv2%2Fmedia&parent=14"}],"curies":[{"name":"wp","href":"https:\/\/api.w.org\/{rel}","templated":true}]}}