{"id":11,"date":"2024-01-31T13:34:46","date_gmt":"2024-01-31T13:34:46","guid":{"rendered":"https:\/\/fischerjugend-voehringen.de\/?page_id=11"},"modified":"2024-01-31T15:07:07","modified_gmt":"2024-01-31T15:07:07","slug":"willkommen","status":"publish","type":"page","link":"https:\/\/fischerjugend-voehringen.de\/","title":{"rendered":"Willkommen"},"content":{"rendered":"\n<p>Wir begr\u00fc\u00dfen Dich recht Herzlich auf der Website der<br>Fischerjugend der Fischereigemeinschaft&nbsp;V\u00f6hringen&nbsp;e.V.<\/p>\n\n\n\n<p>Auf diesen Seiten findet Ihr immer die aktuellsten Informationen rund um die Fischerjugend in V\u00f6hringen!<\/p>\n","protected":false},"excerpt":{"rendered":"<p>Wir begr\u00fc\u00dfen Dich recht Herzlich auf der Website derFischerjugend der Fischereigemeinschaft&nbsp;V\u00f6hringen&nbsp;e.V. Auf diesen Seiten findet Ihr immer die aktuellsten Informationen rund um die Fischerjugend in V\u00f6hringen!<\/p>\n","protected":false},"author":1,"featured_media":0,"parent":0,"menu_order":0,"comment_status":"closed","ping_status":"closed","template":"","meta":{"footnotes":""},"class_list":["post-11","page","type-page","status-publish","hentry"],"_links":{"self":[{"href":"https:\/\/fischerjugend-voehringen.de\/index.php?rest_route=\/wp\/v2\/pages\/11","targetHints":{"allow":["GET"]}}],"collection":[{"href":"https:\/\/fischerjugend-voehringen.de\/index.php?rest_route=\/wp\/v2\/pages"}],"about":[{"href":"https:\/\/fischerjugend-voehringen.de\/index.php?rest_route=\/wp\/v2\/types\/page"}],"author":[{"embeddable":true,"href":"https:\/\/fischerjugend-voehringen.de\/index.php?rest_route=\/wp\/v2\/users\/1"}],"replies":[{"embeddable":true,"href":"https:\/\/fischerjugend-voehringen.de\/index.php?rest_route=%2Fwp%2Fv2%2Fcomments&post=11"}],"version-history":[{"count":1,"href":"https:\/\/fischerjugend-voehringen.de\/index.php?rest_route=\/wp\/v2\/pages\/11\/revisions"}],"predecessor-version":[{"id":12,"href":"https:\/\/fischerjugend-voehringen.de\/index.php?rest_route=\/wp\/v2\/pages\/11\/revisions\/12"}],"wp:attachment":[{"href":"https:\/\/fischerjugend-voehringen.de\/index.php?rest_route=%2Fwp%2Fv2%2Fmedia&parent=11"}],"curies":[{"name":"wp","href":"https:\/\/api.w.org\/{rel}","templated":true}]}}